{"id":5774,"date":"2017-01-31T14:57:35","date_gmt":"2017-01-31T14:57:35","guid":{"rendered":"http:\/\/impreza5.us-themes.net\/?page_id=5774"},"modified":"2017-01-31T14:57:35","modified_gmt":"2017-01-31T14:57:35","slug":"erreur-404","status":"publish","type":"page","link":"https:\/\/aandekwakel.nl\/fr\/error-404\/","title":{"rendered":"404 Erreur"},"content":{"rendered":"<section class=\"l-section wpb_row height_medium full_height valign_center\"><div class=\"l-section-h i-cf\"><div class=\"g-cols vc_row via_grid cols_1 laptops-cols_inherit tablets-cols_inherit mobiles-cols_1 valign_middle type_default stacking_default\"><div class=\"wpb_column vc_column_container\"><div class=\"vc_column-inner\"><div class=\"w-iconbox iconpos_top style_circle color_primary align_center\"><div class=\"w-iconbox-icon\" style=\"font-size:6rem;\" data-no-translation=\"\"><i class=\"far fa-map-marked-alt\"><\/i><\/div><div class=\"w-iconbox-meta\"><h2 class=\"w-iconbox-title\">Il s'agit de la page \u201c404 error\u201d.<\/h2><div class=\"w-iconbox-text\"><p>Vous pouvez personnaliser cette page comme n'importe quelle autre page via Page Builder. Il est \u00e9galement possible de modifier ses options d'en-t\u00eate, de barre de titre, de barre lat\u00e9rale et de pied de page.<\/p>\n<\/div><\/div><\/div><div class=\"w-separator size_small\"><\/div><div class=\"wpb_text_column\"><div class=\"wpb_wrapper\"><p style=\"text-align: center;\"><a href=\"http:\/\/impreza3.us-themes.com\/404\/\" target=\"_blank\" rel=\"noopener\">V\u00e9rifier l'apparence par d\u00e9faut de la page d'erreur 404<\/a>.<\/p>\n<\/div><\/div><\/div><\/div><\/div><\/div><\/section>","protected":false},"excerpt":{"rendered":"This is \u201c404 error\u201d pageYou can customize this page as any other page via Page Builder. Also it\u2019s possible to change its Header, Title Bar, Sidebar, Footer options. Check the default appearance of 404 error page.","protected":false},"author":1,"featured_media":0,"parent":0,"menu_order":0,"comment_status":"closed","ping_status":"closed","template":"","meta":{"footnotes":""},"class_list":["post-5774","page","type-page","status-publish","hentry"],"_links":{"self":[{"href":"https:\/\/aandekwakel.nl\/fr\/wp-json\/wp\/v2\/pages\/5774","targetHints":{"allow":["GET"]}}],"collection":[{"href":"https:\/\/aandekwakel.nl\/fr\/wp-json\/wp\/v2\/pages"}],"about":[{"href":"https:\/\/aandekwakel.nl\/fr\/wp-json\/wp\/v2\/types\/page"}],"author":[{"embeddable":true,"href":"https:\/\/aandekwakel.nl\/fr\/wp-json\/wp\/v2\/users\/1"}],"replies":[{"embeddable":true,"href":"https:\/\/aandekwakel.nl\/fr\/wp-json\/wp\/v2\/comments?post=5774"}],"version-history":[{"count":0,"href":"https:\/\/aandekwakel.nl\/fr\/wp-json\/wp\/v2\/pages\/5774\/revisions"}],"wp:attachment":[{"href":"https:\/\/aandekwakel.nl\/fr\/wp-json\/wp\/v2\/media?parent=5774"}],"curies":[{"name":"wp","href":"https:\/\/api.w.org\/{rel}","templated":true}]}}